{"id":2130,"date":"2019-10-24T14:20:22","date_gmt":"2019-10-24T12:20:22","guid":{"rendered":"https:\/\/commerces.clervaux.lu\/accueil\/"},"modified":"2025-03-04T11:03:57","modified_gmt":"2025-03-04T10:03:57","slug":"accueil","status":"publish","type":"page","link":"https:\/\/commerces.clervaux.lu\/de\/","title":{"rendered":"Ganz in ihrer N\u00e4he"},"content":{"rendered":"<p><strong>Willkommen in Clerf<\/strong>, einer Gemeinde, die Natur und Ruhe vereint und aus 17 malerischen D\u00f6rfern besteht. Genie\u00dfen Sie eine Vielzahl von Dienstleistungen, von der Fu\u00dfg\u00e4ngerzone ins Clerf mit charmanten Gesch\u00e4ften bis hin zu gem\u00fctlichen Caf\u00e9s. Nur wenige Minuten entfernt befinden sich das Einkaufszentrum Nordstrooss in Marnach und die Gewerbezone Gi\u00e4llewee in Fischbach, die das lokale Angebot erg\u00e4nzen. Clerf bietet alles f\u00fcr ein angenehmes und praktisches Erlebnis.<\/p>\n","protected":false},"excerpt":{"rendered":"<p>Willkommen in Clerf, einer Gemeinde, die Natur und Ruhe vereint und aus 17 malerischen D\u00f6rfern besteht. Genie\u00dfen Sie eine Vielzahl [&hellip;]<\/p>\n","protected":false},"author":2,"featured_media":2236,"parent":0,"menu_order":0,"comment_status":"closed","ping_status":"closed","template":"","meta":{"_acf_changed":false,"footnotes":""},"class_list":["post-2130","page","type-page","status-publish","has-post-thumbnail","hentry"],"acf":{"home_teasers":[{"teaser_type":"place_listing","teaser_title":"Neues chinesisches Restaurant \"YAMA\", rue de la Gare","teaser_image":{"ID":4421,"id":4421,"title":"Restaurant Yama Sushi 3","filename":"Restaurant-Yama-Sushi-3.jpg","filesize":74344,"url":"https:\/\/commerces.clervaux.lu\/wp-content\/uploads\/Restaurant-Yama-Sushi-3.jpg","link":"https:\/\/commerces.clervaux.lu\/de\/commerces\/restaurant-yama-sushi\/restaurant-yama-sushi-3-2\/","alt":"","author":"2","description":"","caption":"","name":"restaurant-yama-sushi-3-2","status":"inherit","uploaded_to":4428,"date":"2025-03-04 08:09:22","modified":"2025-03-04 08:10:48","menu_order":0,"mime_type":"image\/jpeg","type":"image","subtype":"jpeg","icon":"https:\/\/commerces.clervaux.lu\/wp-includes\/images\/media\/default.png","width":960,"height":720,"sizes":{"thumbnail":"https:\/\/commerces.clervaux.lu\/wp-content\/uploads\/Restaurant-Yama-Sushi-3-150x150.jpg","thumbnail-width":150,"thumbnail-height":150,"medium":"https:\/\/commerces.clervaux.lu\/wp-content\/uploads\/Restaurant-Yama-Sushi-3-593x445.jpg","medium-width":593,"medium-height":445,"medium_large":"https:\/\/commerces.clervaux.lu\/wp-content\/uploads\/Restaurant-Yama-Sushi-3-768x576.jpg","medium_large-width":768,"medium_large-height":576,"large":"https:\/\/commerces.clervaux.lu\/wp-content\/uploads\/Restaurant-Yama-Sushi-3.jpg","large-width":960,"large-height":720,"1536x1536":"https:\/\/commerces.clervaux.lu\/wp-content\/uploads\/Restaurant-Yama-Sushi-3.jpg","1536x1536-width":960,"1536x1536-height":720,"2048x2048":"https:\/\/commerces.clervaux.lu\/wp-content\/uploads\/Restaurant-Yama-Sushi-3.jpg","2048x2048-width":960,"2048x2048-height":720,"landscape":"https:\/\/commerces.clervaux.lu\/wp-content\/uploads\/Restaurant-Yama-Sushi-3.jpg","landscape-width":960,"landscape-height":720}},"teaser_category_link":{"term_id":711,"name":"Gastronomie","slug":"gastronomie","term_group":0,"term_taxonomy_id":711,"taxonomy":"listing_category","description":"","parent":0,"count":32,"filter":"raw"},"teaser_place_link":{"ID":4428,"post_author":"2","post_date":"2025-03-04 09:12:19","post_date_gmt":"2025-03-04 08:12:19","post_content":"<!-- wp:paragraph -->\n<p>Entdecken Sie frische Gerichte -&gt; Sushi, warme &amp; kalte Gerichte, vegetarisch, chinesisch, thail\u00e4ndisch.<\/p>\n<!-- \/wp:paragraph -->","post_title":"Restaurant Yama Sushi","post_excerpt":"","post_status":"publish","comment_status":"closed","ping_status":"closed","post_password":"","post_name":"restaurant-yama-sushi","to_ping":"","pinged":"","post_modified":"2026-03-16 10:56:06","post_modified_gmt":"2026-03-16 09:56:06","post_content_filtered":"","post_parent":0,"guid":"https:\/\/commerces.clervaux.lu\/commerces\/restaurant-yama-sushi\/","menu_order":0,"post_type":"listing","post_mime_type":"","comment_count":"0","filter":"raw"},"teaser_actionpromo_link":false,"teaser_other_link":null,"teaser_link_event":false},{"teaser_type":"category_listing","teaser_title":"Fellness - der Tierpflegeprofi","teaser_image":{"ID":2355,"id":2355,"title":"Fellness-Logo-&amp;-Schrift-ohne-Text-(auf-n","filename":"Fellness-Logo-Schrift-ohne-Text-auf-n.webp","filesize":17984,"url":"https:\/\/commerces.clervaux.lu\/wp-content\/uploads\/Fellness-Logo-Schrift-ohne-Text-auf-n.webp","link":"https:\/\/commerces.clervaux.lu\/de\/commerces\/fellness\/fellness-logo-schrift-ohne-text-auf-n-2\/","alt":"","author":"2","description":"","caption":"","name":"fellness-logo-schrift-ohne-text-auf-n-2","status":"inherit","uploaded_to":1988,"date":"2022-03-25 10:34:28","modified":"2022-03-25 10:34:28","menu_order":0,"mime_type":"image\/webp","type":"image","subtype":"webp","icon":"https:\/\/commerces.clervaux.lu\/wp-includes\/images\/media\/default.png","width":257,"height":257,"sizes":{"thumbnail":"https:\/\/commerces.clervaux.lu\/wp-content\/uploads\/Fellness-Logo-Schrift-ohne-Text-auf-n-150x150.webp","thumbnail-width":150,"thumbnail-height":150,"medium":"https:\/\/commerces.clervaux.lu\/wp-content\/uploads\/Fellness-Logo-Schrift-ohne-Text-auf-n.webp","medium-width":257,"medium-height":257,"medium_large":"https:\/\/commerces.clervaux.lu\/wp-content\/uploads\/Fellness-Logo-Schrift-ohne-Text-auf-n.webp","medium_large-width":257,"medium_large-height":257,"large":"https:\/\/commerces.clervaux.lu\/wp-content\/uploads\/Fellness-Logo-Schrift-ohne-Text-auf-n.webp","large-width":257,"large-height":257,"1536x1536":"https:\/\/commerces.clervaux.lu\/wp-content\/uploads\/Fellness-Logo-Schrift-ohne-Text-auf-n.webp","1536x1536-width":257,"1536x1536-height":257,"2048x2048":"https:\/\/commerces.clervaux.lu\/wp-content\/uploads\/Fellness-Logo-Schrift-ohne-Text-auf-n.webp","2048x2048-width":257,"2048x2048-height":257,"landscape":"https:\/\/commerces.clervaux.lu\/wp-content\/uploads\/Fellness-Logo-Schrift-ohne-Text-auf-n.webp","landscape-width":257,"landscape-height":257}},"teaser_category_link":{"term_id":712,"name":"Dienstleistung","slug":"dienstleistung","term_group":0,"term_taxonomy_id":712,"taxonomy":"listing_category","description":"","parent":0,"count":104,"filter":"raw"},"teaser_place_link":false,"teaser_actionpromo_link":false,"teaser_other_link":null,"teaser_link_event":{"value":"104341","label":"104341"}},{"teaser_type":"category_listing","teaser_title":"Lokal genie\u00dfen","teaser_image":{"ID":1830,"id":1830,"title":"","filename":"1.jpg","filesize":4051187,"url":"https:\/\/commerces.clervaux.lu\/wp-content\/uploads\/1.jpg","link":"https:\/\/commerces.clervaux.lu\/de\/commerces\/restaurant-la-table-de-clervaux\/1-2\/","alt":"","author":"2","description":"","caption":"","name":"1-2","status":"inherit","uploaded_to":1998,"date":"2021-06-01 09:20:36","modified":"2021-06-01 09:20:36","menu_order":0,"mime_type":"image\/jpeg","type":"image","subtype":"jpeg","icon":"https:\/\/commerces.clervaux.lu\/wp-includes\/images\/media\/default.png","width":2560,"height":1706,"sizes":{"thumbnail":"https:\/\/commerces.clervaux.lu\/wp-content\/uploads\/1-150x150.jpg","thumbnail-width":150,"thumbnail-height":150,"medium":"https:\/\/commerces.clervaux.lu\/wp-content\/uploads\/1-668x445.jpg","medium-width":668,"medium-height":445,"medium_large":"https:\/\/commerces.clervaux.lu\/wp-content\/uploads\/1-768x512.jpg","medium_large-width":768,"medium_large-height":512,"large":"https:\/\/commerces.clervaux.lu\/wp-content\/uploads\/1-1024x682.jpg","large-width":1024,"large-height":682,"1536x1536":"https:\/\/commerces.clervaux.lu\/wp-content\/uploads\/1-1536x1024.jpg","1536x1536-width":1536,"1536x1536-height":1024,"2048x2048":"https:\/\/commerces.clervaux.lu\/wp-content\/uploads\/1-2048x1365.jpg","2048x2048-width":2048,"2048x2048-height":1365,"landscape":"https:\/\/commerces.clervaux.lu\/wp-content\/uploads\/1-2000x1333.jpg","landscape-width":2000,"landscape-height":1333}},"teaser_category_link":{"term_id":4,"name":"Gastronomie","slug":"gastronomie","term_group":0,"term_taxonomy_id":4,"taxonomy":"listing_category","description":"","parent":0,"count":29,"filter":"raw"},"teaser_place_link":{"ID":1998,"post_author":"2","post_date":"2020-04-23 15:49:50","post_date_gmt":"2020-04-23 13:49:50","post_content":"<!-- wp:paragraph -->\n<p>Das Restaurant \u201eLa Table de Clervaux\u201c ist ein renommierter gastronomischer Treffpunkt, der luxemburgische Spezialit\u00e4ten aus regionalen Produkten anbietet.<\/p>\n<!-- \/wp:paragraph -->\n\n<!-- wp:paragraph -->\n<p>Das Restaurant geh\u00f6rt zum \u201e<a href=\"https:\/\/commerces.clervaux.lu\/commerces\/hotel-du-commerce\/\">Hotel du Commerce<\/a>\".<\/p>\n<!-- \/wp:paragraph -->","post_title":"Restaurant La Table de Clervaux","post_excerpt":"","post_status":"publish","comment_status":"closed","ping_status":"closed","post_password":"","post_name":"restaurant-la-table-de-clervaux","to_ping":"","pinged":"","post_modified":"2025-05-10 16:36:02","post_modified_gmt":"2025-05-10 14:36:02","post_content_filtered":"","post_parent":0,"guid":"https:\/\/commerces.clervaux.lu\/commerces\/restaurant-la-table-de-clervaux\/","menu_order":0,"post_type":"listing","post_mime_type":"","comment_count":"0","filter":"raw"},"teaser_actionpromo_link":false,"teaser_other_link":null,"teaser_link_event":{"value":"2019","label":"2019"}},{"teaser_type":"category_listing","teaser_title":"Schuhe von Chaussures L\u00e9on in Marnach","teaser_image":{"ID":4478,"id":4478,"title":"Chaussures Leon 2","filename":"Chaussures-Leon-2.jpg","filesize":65239,"url":"https:\/\/commerces.clervaux.lu\/wp-content\/uploads\/Chaussures-Leon-2.jpg","link":"https:\/\/commerces.clervaux.lu\/de\/chaussures-leon-2-2\/","alt":"","author":"2","description":"","caption":"","name":"chaussures-leon-2-2","status":"inherit","uploaded_to":0,"date":"2025-03-04 09:50:52","modified":"2025-03-04 09:50:52","menu_order":0,"mime_type":"image\/jpeg","type":"image","subtype":"jpeg","icon":"https:\/\/commerces.clervaux.lu\/wp-includes\/images\/media\/default.png","width":500,"height":500,"sizes":{"thumbnail":"https:\/\/commerces.clervaux.lu\/wp-content\/uploads\/Chaussures-Leon-2-150x150.jpg","thumbnail-width":150,"thumbnail-height":150,"medium":"https:\/\/commerces.clervaux.lu\/wp-content\/uploads\/Chaussures-Leon-2-445x445.jpg","medium-width":445,"medium-height":445,"medium_large":"https:\/\/commerces.clervaux.lu\/wp-content\/uploads\/Chaussures-Leon-2.jpg","medium_large-width":500,"medium_large-height":500,"large":"https:\/\/commerces.clervaux.lu\/wp-content\/uploads\/Chaussures-Leon-2.jpg","large-width":500,"large-height":500,"1536x1536":"https:\/\/commerces.clervaux.lu\/wp-content\/uploads\/Chaussures-Leon-2.jpg","1536x1536-width":500,"1536x1536-height":500,"2048x2048":"https:\/\/commerces.clervaux.lu\/wp-content\/uploads\/Chaussures-Leon-2.jpg","2048x2048-width":500,"2048x2048-height":500,"landscape":"https:\/\/commerces.clervaux.lu\/wp-content\/uploads\/Chaussures-Leon-2.jpg","landscape-width":500,"landscape-height":500}},"teaser_category_link":{"term_id":715,"name":"Shopping","slug":"shopping-de","term_group":0,"term_taxonomy_id":715,"taxonomy":"listing_category","description":"","parent":0,"count":27,"filter":"raw"},"teaser_place_link":false,"teaser_actionpromo_link":false,"teaser_other_link":"","teaser_link_event":false}],"home_category_title":"","home_category_background":false,"home_category_link":{"term_id":715,"name":"Shopping","slug":"shopping-de","term_group":0,"term_taxonomy_id":715,"taxonomy":"listing_category","description":"","parent":0,"count":27,"filter":"raw"},"home_events_count":"4"},"yoast_head":"<!-- This site is optimized with the Yoast SEO plugin v22.3 - https:\/\/yoast.com\/wordpress\/plugins\/seo\/ -->\n<title>Ganz in ihrer N\u00e4he - Administration Communale de Clervaux<\/title>\n<meta name=\"robots\" content=\"index, follow, max-snippet:-1, max-image-preview:large, max-video-preview:-1\" \/>\n<link rel=\"canonical\" href=\"https:\/\/commerces.clervaux.lu\/de\/\" \/>\n<meta property=\"og:locale\" content=\"de_DE\" \/>\n<meta property=\"og:type\" content=\"article\" \/>\n<meta property=\"og:title\" content=\"Ganz in ihrer N\u00e4he - Administration Communale de Clervaux\" \/>\n<meta property=\"og:description\" content=\"Willkommen in Clerf, einer Gemeinde, die Natur und Ruhe vereint und aus 17 malerischen D\u00f6rfern besteht. Genie\u00dfen Sie eine Vielzahl [&hellip;]\" \/>\n<meta property=\"og:url\" content=\"https:\/\/commerces.clervaux.lu\/de\/\" \/>\n<meta property=\"og:site_name\" content=\"Administration Communale de Clervaux\" \/>\n<meta property=\"article:modified_time\" content=\"2025-03-04T10:03:57+00:00\" \/>\n<meta property=\"og:image\" content=\"https:\/\/commerces.clervaux.lu\/wp-content\/uploads\/Cha\u0302teau-de-Clervaux-\u00a9Gemeng-Clia\u0308rref-1024x637.jpg\" \/>\n\t<meta property=\"og:image:width\" content=\"1024\" \/>\n\t<meta property=\"og:image:height\" content=\"637\" \/>\n\t<meta property=\"og:image:type\" content=\"image\/jpeg\" \/>\n<meta name=\"twitter:card\" content=\"summary_large_image\" \/>\n<script type=\"application\/ld+json\" class=\"yoast-schema-graph\">{\"@context\":\"https:\/\/schema.org\",\"@graph\":[{\"@type\":\"WebPage\",\"@id\":\"https:\/\/commerces.clervaux.lu\/de\/\",\"url\":\"https:\/\/commerces.clervaux.lu\/de\/\",\"name\":\"Ganz in ihrer N\u00e4he - Administration Communale de Clervaux\",\"isPartOf\":{\"@id\":\"https:\/\/commerces.clervaux.lu\/de\/#website\"},\"primaryImageOfPage\":{\"@id\":\"https:\/\/commerces.clervaux.lu\/de\/#primaryimage\"},\"image\":{\"@id\":\"https:\/\/commerces.clervaux.lu\/de\/#primaryimage\"},\"thumbnailUrl\":\"https:\/\/commerces.clervaux.lu\/wp-content\/uploads\/Cha\u0302teau-de-Clervaux-\u00a9Gemeng-Clia\u0308rref-scaled.jpg\",\"datePublished\":\"2019-10-24T12:20:22+00:00\",\"dateModified\":\"2025-03-04T10:03:57+00:00\",\"breadcrumb\":{\"@id\":\"https:\/\/commerces.clervaux.lu\/de\/#breadcrumb\"},\"inLanguage\":\"de\",\"potentialAction\":[{\"@type\":\"ReadAction\",\"target\":[\"https:\/\/commerces.clervaux.lu\/de\/\"]}]},{\"@type\":\"ImageObject\",\"inLanguage\":\"de\",\"@id\":\"https:\/\/commerces.clervaux.lu\/de\/#primaryimage\",\"url\":\"https:\/\/commerces.clervaux.lu\/wp-content\/uploads\/Cha\u0302teau-de-Clervaux-\u00a9Gemeng-Clia\u0308rref-scaled.jpg\",\"contentUrl\":\"https:\/\/commerces.clervaux.lu\/wp-content\/uploads\/Cha\u0302teau-de-Clervaux-\u00a9Gemeng-Clia\u0308rref-scaled.jpg\",\"width\":2560,\"height\":1592},{\"@type\":\"BreadcrumbList\",\"@id\":\"https:\/\/commerces.clervaux.lu\/de\/#breadcrumb\",\"itemListElement\":[{\"@type\":\"ListItem\",\"position\":1,\"name\":\"Home\",\"item\":\"https:\/\/commerces.clervaux.lu\/de\/\"},{\"@type\":\"ListItem\",\"position\":2,\"name\":\"Ganz in ihrer N\u00e4he\"}]},{\"@type\":\"WebSite\",\"@id\":\"https:\/\/commerces.clervaux.lu\/de\/#website\",\"url\":\"https:\/\/commerces.clervaux.lu\/de\/\",\"name\":\"Administration Communale de Clervaux\",\"description\":\"Un site utilisant WordPress\",\"potentialAction\":[{\"@type\":\"SearchAction\",\"target\":{\"@type\":\"EntryPoint\",\"urlTemplate\":\"https:\/\/commerces.clervaux.lu\/de\/?s={search_term_string}\"},\"query-input\":\"required name=search_term_string\"}],\"inLanguage\":\"de\"}]}<\/script>\n<!-- \/ Yoast SEO plugin. -->","yoast_head_json":{"title":"Ganz in ihrer N\u00e4he - Administration Communale de Clervaux","robots":{"index":"index","follow":"follow","max-snippet":"max-snippet:-1","max-image-preview":"max-image-preview:large","max-video-preview":"max-video-preview:-1"},"canonical":"https:\/\/commerces.clervaux.lu\/de\/","og_locale":"de_DE","og_type":"article","og_title":"Ganz in ihrer N\u00e4he - Administration Communale de Clervaux","og_description":"Willkommen in Clerf, einer Gemeinde, die Natur und Ruhe vereint und aus 17 malerischen D\u00f6rfern besteht. Genie\u00dfen Sie eine Vielzahl [&hellip;]","og_url":"https:\/\/commerces.clervaux.lu\/de\/","og_site_name":"Administration Communale de Clervaux","article_modified_time":"2025-03-04T10:03:57+00:00","og_image":[{"width":1024,"height":637,"url":"https:\/\/commerces.clervaux.lu\/wp-content\/uploads\/Cha\u0302teau-de-Clervaux-\u00a9Gemeng-Clia\u0308rref-1024x637.jpg","type":"image\/jpeg"}],"twitter_card":"summary_large_image","schema":{"@context":"https:\/\/schema.org","@graph":[{"@type":"WebPage","@id":"https:\/\/commerces.clervaux.lu\/de\/","url":"https:\/\/commerces.clervaux.lu\/de\/","name":"Ganz in ihrer N\u00e4he - Administration Communale de Clervaux","isPartOf":{"@id":"https:\/\/commerces.clervaux.lu\/de\/#website"},"primaryImageOfPage":{"@id":"https:\/\/commerces.clervaux.lu\/de\/#primaryimage"},"image":{"@id":"https:\/\/commerces.clervaux.lu\/de\/#primaryimage"},"thumbnailUrl":"https:\/\/commerces.clervaux.lu\/wp-content\/uploads\/Cha\u0302teau-de-Clervaux-\u00a9Gemeng-Clia\u0308rref-scaled.jpg","datePublished":"2019-10-24T12:20:22+00:00","dateModified":"2025-03-04T10:03:57+00:00","breadcrumb":{"@id":"https:\/\/commerces.clervaux.lu\/de\/#breadcrumb"},"inLanguage":"de","potentialAction":[{"@type":"ReadAction","target":["https:\/\/commerces.clervaux.lu\/de\/"]}]},{"@type":"ImageObject","inLanguage":"de","@id":"https:\/\/commerces.clervaux.lu\/de\/#primaryimage","url":"https:\/\/commerces.clervaux.lu\/wp-content\/uploads\/Cha\u0302teau-de-Clervaux-\u00a9Gemeng-Clia\u0308rref-scaled.jpg","contentUrl":"https:\/\/commerces.clervaux.lu\/wp-content\/uploads\/Cha\u0302teau-de-Clervaux-\u00a9Gemeng-Clia\u0308rref-scaled.jpg","width":2560,"height":1592},{"@type":"BreadcrumbList","@id":"https:\/\/commerces.clervaux.lu\/de\/#breadcrumb","itemListElement":[{"@type":"ListItem","position":1,"name":"Home","item":"https:\/\/commerces.clervaux.lu\/de\/"},{"@type":"ListItem","position":2,"name":"Ganz in ihrer N\u00e4he"}]},{"@type":"WebSite","@id":"https:\/\/commerces.clervaux.lu\/de\/#website","url":"https:\/\/commerces.clervaux.lu\/de\/","name":"Administration Communale de Clervaux","description":"Un site utilisant WordPress","potentialAction":[{"@type":"SearchAction","target":{"@type":"EntryPoint","urlTemplate":"https:\/\/commerces.clervaux.lu\/de\/?s={search_term_string}"},"query-input":"required name=search_term_string"}],"inLanguage":"de"}]}},"_links":{"self":[{"href":"https:\/\/commerces.clervaux.lu\/de\/wp-json\/wp\/v2\/pages\/2130","targetHints":{"allow":["GET"]}}],"collection":[{"href":"https:\/\/commerces.clervaux.lu\/de\/wp-json\/wp\/v2\/pages"}],"about":[{"href":"https:\/\/commerces.clervaux.lu\/de\/wp-json\/wp\/v2\/types\/page"}],"author":[{"embeddable":true,"href":"https:\/\/commerces.clervaux.lu\/de\/wp-json\/wp\/v2\/users\/2"}],"replies":[{"embeddable":true,"href":"https:\/\/commerces.clervaux.lu\/de\/wp-json\/wp\/v2\/comments?post=2130"}],"version-history":[{"count":0,"href":"https:\/\/commerces.clervaux.lu\/de\/wp-json\/wp\/v2\/pages\/2130\/revisions"}],"wp:featuredmedia":[{"embeddable":true,"href":"https:\/\/commerces.clervaux.lu\/de\/wp-json\/wp\/v2\/media\/2236"}],"wp:attachment":[{"href":"https:\/\/commerces.clervaux.lu\/de\/wp-json\/wp\/v2\/media?parent=2130"}],"curies":[{"name":"wp","href":"https:\/\/api.w.org\/{rel}","templated":true}]}}